{"id":51,"date":"2024-10-28T21:57:15","date_gmt":"2024-10-28T21:57:15","guid":{"rendered":"https:\/\/brennholz-stadl.de\/?page_id=51"},"modified":"2025-08-28T12:31:30","modified_gmt":"2025-08-28T12:31:30","slug":"brennholz-stadl-winterbach","status":"publish","type":"page","link":"https:\/\/brennholz-stadl.de\/","title":{"rendered":"Brennholz-Stadl Winterbach"},"content":{"rendered":"\n<figure class=\"wp-block-image size-large\"><img fetchpriority=\"high\" decoding=\"async\" width=\"1024\" height=\"768\" src=\"https:\/\/brennholz-stadl.de\/wp-content\/uploads\/2024\/10\/IMG_8030-compressed-1024x768.jpeg\" alt=\"\" class=\"wp-image-21\" srcset=\"https:\/\/brennholz-stadl.de\/wp-content\/uploads\/2024\/10\/IMG_8030-compressed-1024x768.jpeg 1024w, https:\/\/brennholz-stadl.de\/wp-content\/uploads\/2024\/10\/IMG_8030-compressed-300x225.jpeg 300w, https:\/\/brennholz-stadl.de\/wp-content\/uploads\/2024\/10\/IMG_8030-compressed-768x576.jpeg 768w, https:\/\/brennholz-stadl.de\/wp-content\/uploads\/2024\/10\/IMG_8030-compressed-1536x1152.jpeg 1536w, https:\/\/brennholz-stadl.de\/wp-content\/uploads\/2024\/10\/IMG_8030-compressed-2048x1536.jpeg 2048w\" sizes=\"(max-width: 1024px) 100vw, 1024px\" \/><\/figure>\n\n\n\n<p>Wir bereiten Brennholz aus heimischen W\u00e4ldern im Remstal fachgerecht auf \u2013 \u00f6kologisch, effizient, luftgetrocknet und mit kurzen Wegen. So entsteht ofenfertiges Holz in bester Qualit\u00e4t, das W\u00e4rme spendet und gleichzeitig unsere Region st\u00e4rkt.<br><br><a href=\"?page_id=72\">weitere Infos<\/a> <br><\/p>\n\n\n\n<p><strong>Anfrageformular:<\/strong><\/p>\n\n\n\n<div class=\"wpcf7 no-js\" id=\"wpcf7-f35-o1\" lang=\"de-DE\" dir=\"ltr\" data-wpcf7-id=\"35\">\n<div class=\"screen-reader-response\"><p role=\"status\" aria-live=\"polite\" aria-atomic=\"true\"><\/p> <ul><\/ul><\/div>\n<form action=\"\/index.php?rest_route=%2Fwp%2Fv2%2Fpages%2F51#wpcf7-f35-o1\" method=\"post\" class=\"wpcf7-form init\" aria-label=\"Kontaktformular\" novalidate=\"novalidate\" data-status=\"init\">\n<div style=\"display: none;\">\n<input type=\"hidden\" name=\"_wpcf7\" value=\"35\" \/>\n<input type=\"hidden\" name=\"_wpcf7_version\" value=\"6.0.6\" \/>\n<input type=\"hidden\" name=\"_wpcf7_locale\" value=\"de_DE\" \/>\n<input type=\"hidden\" name=\"_wpcf7_unit_tag\" value=\"wpcf7-f35-o1\" \/>\n<input type=\"hidden\" name=\"_wpcf7_container_post\" value=\"0\" \/>\n<input type=\"hidden\" name=\"_wpcf7_posted_data_hash\" value=\"\" \/>\n<\/div>\n<p><label> Name<br \/>\n<span class=\"wpcf7-form-control-wrap\" data-name=\"your-name\"><input size=\"40\" maxlength=\"400\" class=\"wpcf7-form-control wpcf7-text wpcf7-validates-as-required\" autocomplete=\"name\" aria-required=\"true\" aria-invalid=\"false\" value=\"\" type=\"text\" name=\"your-name\" \/><\/span> <\/label>\n<\/p>\n<p><label> Strasse<br \/>\n<span class=\"wpcf7-form-control-wrap\" data-name=\"your-street\"><input size=\"40\" maxlength=\"400\" class=\"wpcf7-form-control wpcf7-text wpcf7-validates-as-required\" autocomplete=\"street\" aria-required=\"true\" aria-invalid=\"false\" value=\"\" type=\"text\" name=\"your-street\" \/><\/span> <\/label>\n<\/p>\n<p><label> PLZ & Ort<br \/>\n<span class=\"wpcf7-form-control-wrap\" data-name=\"your-zipcity\"><input size=\"40\" maxlength=\"400\" class=\"wpcf7-form-control wpcf7-text wpcf7-validates-as-required\" autocomplete=\"zip\" aria-required=\"true\" aria-invalid=\"false\" value=\"\" type=\"text\" name=\"your-zipcity\" \/><\/span> <\/label>\n<\/p>\n<p><label> Telefon<br \/>\n<span class=\"wpcf7-form-control-wrap\" data-name=\"your-phone\"><input size=\"40\" maxlength=\"400\" class=\"wpcf7-form-control wpcf7-text wpcf7-validates-as-required\" autocomplete=\"phone\" aria-required=\"true\" aria-invalid=\"false\" value=\"\" type=\"text\" name=\"your-phone\" \/><\/span> <\/label>\n<\/p>\n<p><label> E-Mail-Adresse<br \/>\n<span class=\"wpcf7-form-control-wrap\" data-name=\"your-email\"><input size=\"40\" maxlength=\"400\" class=\"wpcf7-form-control wpcf7-email wpcf7-validates-as-required wpcf7-text wpcf7-validates-as-email\" autocomplete=\"email\" aria-required=\"true\" aria-invalid=\"false\" value=\"\" type=\"email\" name=\"your-email\" \/><\/span> <\/label>\n<\/p>\n<p><label> Scheitl\u00e4nge<br \/>\n<span class=\"wpcf7-form-control-wrap\" data-name=\"scheitlaenge\"><select class=\"wpcf7-form-control wpcf7-select wpcf7-validates-as-required\" id=\"Length\" aria-required=\"true\" aria-invalid=\"false\" name=\"scheitlaenge\"><option value=\"33 cm\">33 cm<\/option><option value=\"25 cm\">25 cm<\/option><option value=\"20 cm\">20 cm<\/option><option value=\"100 cm\">100 cm<\/option><option value=\"50 cm\">50 cm<\/option><option value=\"40 cm\">40 cm<\/option><option value=\"Andere\">Andere<\/option><\/select><\/span> <\/label>\n<\/p>\n<p><label> Ben\u00f6tigte Menge in Sch\u00fcttraummeter (SRM)<br \/>\n<span class=\"wpcf7-form-control-wrap\" data-name=\"menge\"><input size=\"40\" maxlength=\"400\" class=\"wpcf7-form-control wpcf7-text wpcf7-validates-as-required\" aria-required=\"true\" aria-invalid=\"false\" value=\"\" type=\"text\" name=\"menge\" \/><\/span> <\/label>\n<\/p>\n<p><label> Anmerkungen zur Anfrage (optional)<br \/>\n<span class=\"wpcf7-form-control-wrap\" data-name=\"your-message\"><textarea cols=\"40\" rows=\"10\" maxlength=\"2000\" class=\"wpcf7-form-control wpcf7-textarea\" aria-invalid=\"false\" name=\"your-message\"><\/textarea><\/span> <\/label>\n<\/p>\n<p><span class=\"wpcf7-form-control-wrap\" data-name=\"Dataprotection\"><span class=\"wpcf7-form-control wpcf7-checkbox wpcf7-validates-as-required\" id=\"Dataprotection\"><span class=\"wpcf7-list-item first last\"><label><input type=\"checkbox\" name=\"Dataprotection[]\" value=\"Ich habe die Datenschutzbestimmungen gelesen\" \/><span class=\"wpcf7-list-item-label\">Ich habe die Datenschutzbestimmungen gelesen<\/span><\/label><\/span><\/span><\/span>\n<\/p>\n<p><input class=\"wpcf7-form-control wpcf7-submit has-spinner\" type=\"submit\" value=\"Senden\" \/>\n<\/p><div class=\"wpcf7-response-output\" aria-hidden=\"true\"><\/div>\n<\/form>\n<\/div>\n\n\n\n\n<p><\/p>\n","protected":false},"excerpt":{"rendered":"<p>Wir bereiten Brennholz aus heimischen W\u00e4ldern im Remstal fachgerecht auf \u2013 \u00f6kologisch, effizient, luftgetrocknet und mit kurzen Wegen. So entsteht ofenfertiges Holz in bester Qualit\u00e4t, das W\u00e4rme spendet und gleichzeitig unsere Region st\u00e4rkt. weitere Infos Anfrageformular:<\/p>\n","protected":false},"author":1,"featured_media":0,"parent":0,"menu_order":0,"comment_status":"closed","ping_status":"closed","template":"","meta":{"footnotes":""},"class_list":["post-51","page","type-page","status-publish","hentry"],"_links":{"self":[{"href":"https:\/\/brennholz-stadl.de\/index.php?rest_route=\/wp\/v2\/pages\/51","targetHints":{"allow":["GET"]}}],"collection":[{"href":"https:\/\/brennholz-stadl.de\/index.php?rest_route=\/wp\/v2\/pages"}],"about":[{"href":"https:\/\/brennholz-stadl.de\/index.php?rest_route=\/wp\/v2\/types\/page"}],"author":[{"embeddable":true,"href":"https:\/\/brennholz-stadl.de\/index.php?rest_route=\/wp\/v2\/users\/1"}],"replies":[{"embeddable":true,"href":"https:\/\/brennholz-stadl.de\/index.php?rest_route=%2Fwp%2Fv2%2Fcomments&post=51"}],"version-history":[{"count":14,"href":"https:\/\/brennholz-stadl.de\/index.php?rest_route=\/wp\/v2\/pages\/51\/revisions"}],"predecessor-version":[{"id":119,"href":"https:\/\/brennholz-stadl.de\/index.php?rest_route=\/wp\/v2\/pages\/51\/revisions\/119"}],"wp:attachment":[{"href":"https:\/\/brennholz-stadl.de\/index.php?rest_route=%2Fwp%2Fv2%2Fmedia&parent=51"}],"curies":[{"name":"wp","href":"https:\/\/api.w.org\/{rel}","templated":true}]}}