{"id":100,"date":"2025-08-28T11:53:08","date_gmt":"2025-08-28T11:53:08","guid":{"rendered":"https:\/\/brennholz-stadl.de\/?page_id=100"},"modified":"2026-01-25T17:32:27","modified_gmt":"2026-01-25T17:32:27","slug":"unser-brennholz","status":"publish","type":"page","link":"https:\/\/brennholz-stadl.de\/?page_id=100","title":{"rendered":"Unser Brennholz"},"content":{"rendered":"\n<figure class=\"wp-block-image size-large is-resized\"><img fetchpriority=\"high\" decoding=\"async\" width=\"768\" height=\"1024\" src=\"https:\/\/brennholz-stadl.de\/wp-content\/uploads\/2024\/10\/IMG_6129-compressed-768x1024.jpeg\" alt=\"\" class=\"wp-image-33\" style=\"width:302px;height:auto\" srcset=\"https:\/\/brennholz-stadl.de\/wp-content\/uploads\/2024\/10\/IMG_6129-compressed-768x1024.jpeg 768w, https:\/\/brennholz-stadl.de\/wp-content\/uploads\/2024\/10\/IMG_6129-compressed-225x300.jpeg 225w, https:\/\/brennholz-stadl.de\/wp-content\/uploads\/2024\/10\/IMG_6129-compressed-1152x1536.jpeg 1152w, https:\/\/brennholz-stadl.de\/wp-content\/uploads\/2024\/10\/IMG_6129-compressed-1536x2048.jpeg 1536w, https:\/\/brennholz-stadl.de\/wp-content\/uploads\/2024\/10\/IMG_6129-compressed-scaled.jpeg 1920w\" sizes=\"(max-width: 768px) 100vw, 768px\" \/><\/figure>\n\n\n\n<p>Wir bieten ofenfertiges Brennholz in verschiedenen L\u00e4ngen an &#8211; nachhaltig aus regionalem Einschlag, luftgetrocknet und sorgf\u00e4ltig aufbereitet.<\/p>\n\n\n\n<p>Die Preise gelten pro Sch\u00fcttraummeter (srm)<\/p>\n\n\n\n<ul class=\"wp-block-list\">\n<li>50cm: 120\u20ac<\/li>\n\n\n\n<li>33cm: 125\u20ac<\/li>\n\n\n\n<li>20cm: 130\u20ac<\/li>\n\n\n\n<li>Anfeuerholz Fichte fein gespalten (Karton): 7\u20ac<\/li>\n<\/ul>\n\n\n\n<p>Auf Wunsch s\u00e4gen wir auch auf andere Ma\u00dfe. Preise hierf\u00fcr auf Anfage.<\/p>\n\n\n\n<p><strong>Lieferbedingungen:<\/strong><\/p>\n\n\n\n<p>Liefergebiet: Wir liefern im Umkreis von 73650 Winterbach kostenfrei. Weitere Entfernungen auf Anfrage.<\/p>\n\n\n\n<p><strong>Liefermenge<\/strong>: <\/p>\n\n\n\n<ul class=\"wp-block-list\">\n<li>Mindestabnahme: 1 srm<\/li>\n<\/ul>\n\n\n\n<ul class=\"wp-block-list\">\n<li>W\u00fcnschenswert 1,4 srm (F\u00fcllmenge unseres Anh\u00e4ngers)<\/li>\n<\/ul>\n\n\n\n<p><\/p>\n\n\n\n<p><strong>Hier kurze Erkl\u00e4rung zu Brennholzma\u00dfen<\/strong>:<\/p>\n\n\n\n<p>Festmeter (fm) &#8211; 1 Kubikmeter reines Holz ohne Luftzwischenr\u00e4ume.<\/p>\n\n\n\n<p>Raummeter(rm) &#8211; 1 Kubikmeter ofenfertig gespaltenes Holz eng gestapelt.<\/p>\n\n\n\n<p> Sch\u00fcttraummeter (srm) &#8211; 1 Kubikmeter lose gesch\u00fcttetes Holz.<\/p>\n\n\n\n<figure class=\"wp-block-image size-full\"><img decoding=\"async\" width=\"640\" height=\"427\" src=\"https:\/\/brennholz-stadl.de\/wp-content\/uploads\/2025\/08\/Bild-Schuetrtraummeter-2.png\" alt=\"\" class=\"wp-image-115\" srcset=\"https:\/\/brennholz-stadl.de\/wp-content\/uploads\/2025\/08\/Bild-Schuetrtraummeter-2.png 640w, https:\/\/brennholz-stadl.de\/wp-content\/uploads\/2025\/08\/Bild-Schuetrtraummeter-2-300x200.png 300w\" sizes=\"(max-width: 640px) 100vw, 640px\" \/><\/figure>\n","protected":false},"excerpt":{"rendered":"<p>Wir bieten ofenfertiges Brennholz in verschiedenen L\u00e4ngen an &#8211; nachhaltig aus regionalem Einschlag, luftgetrocknet und sorgf\u00e4ltig aufbereitet. Die Preise gelten pro Sch\u00fcttraummeter (srm) Auf Wunsch s\u00e4gen wir auch auf andere Ma\u00dfe. Preise hierf\u00fcr auf Anfage. Lieferbedingungen: Liefergebiet: Wir liefern im Umkreis von 73650 Winterbach kostenfrei. Weitere Entfernungen auf Anfrage. Liefermenge: Hier kurze Erkl\u00e4rung zu Brennholzma\u00dfen: [&hellip;]<\/p>\n","protected":false},"author":3,"featured_media":0,"parent":0,"menu_order":0,"comment_status":"closed","ping_status":"closed","template":"","meta":{"footnotes":""},"class_list":["post-100","page","type-page","status-publish","hentry"],"_links":{"self":[{"href":"https:\/\/brennholz-stadl.de\/index.php?rest_route=\/wp\/v2\/pages\/100","targetHints":{"allow":["GET"]}}],"collection":[{"href":"https:\/\/brennholz-stadl.de\/index.php?rest_route=\/wp\/v2\/pages"}],"about":[{"href":"https:\/\/brennholz-stadl.de\/index.php?rest_route=\/wp\/v2\/types\/page"}],"author":[{"embeddable":true,"href":"https:\/\/brennholz-stadl.de\/index.php?rest_route=\/wp\/v2\/users\/3"}],"replies":[{"embeddable":true,"href":"https:\/\/brennholz-stadl.de\/index.php?rest_route=%2Fwp%2Fv2%2Fcomments&post=100"}],"version-history":[{"count":6,"href":"https:\/\/brennholz-stadl.de\/index.php?rest_route=\/wp\/v2\/pages\/100\/revisions"}],"predecessor-version":[{"id":129,"href":"https:\/\/brennholz-stadl.de\/index.php?rest_route=\/wp\/v2\/pages\/100\/revisions\/129"}],"wp:attachment":[{"href":"https:\/\/brennholz-stadl.de\/index.php?rest_route=%2Fwp%2Fv2%2Fmedia&parent=100"}],"curies":[{"name":"wp","href":"https:\/\/api.w.org\/{rel}","templated":true}]}}